{"id":4568,"date":"2021-03-24T17:05:07","date_gmt":"2021-03-24T17:05:07","guid":{"rendered":"http:\/\/careerlauncher.ca\/landing-page\/"},"modified":"2023-12-12T16:29:55","modified_gmt":"2023-12-12T21:29:55","slug":"landing-page","status":"publish","type":"page","link":"https:\/\/www.careerlauncher.ca\/fr\/","title":{"rendered":"Outiller pour l\u2019avenir, b\u00e2tir des industries r\u00e9silientes"},"content":{"rendered":"<p>Nous offrons des subventions salariales et des incitatifs \u00e0 l\u2019embauche pour att\u00e9nuer les p\u00e9nuries de main-d\u2019\u0153uvre, renforcer les secteurs et am\u00e9liorer l\u2019\u00e9quit\u00e9 et la diversit\u00e9 en milieu de travail. Nous offrons du soutien aux personnes en recherche d\u2019emploi en leur donnant acc\u00e8s \u00e0 des emplois int\u00e9ressants et \u00e0 des formations gratuites, ainsi qu\u2019en les aidant \u00e0 am\u00e9liorer leur employabilit\u00e9 pour bien lancer leur carri\u00e8re. <\/p>\n<p>Tous les programmes de la plateforme Lancement de carri\u00e8re sont offerts par <a href=\"https:\/\/www.lancementcarriere.ca\/\" rel=\"noopener\" target=\"_blank\">Coll\u00e8ges et instituts Canada<\/a>. <\/p>\n","protected":false},"excerpt":{"rendered":"<p>Nous offrons des subventions salariales et des incitatifs \u00e0 l\u2019embauche pour att\u00e9nuer les p\u00e9nuries de main-d\u2019\u0153uvre, renforcer les secteurs et am\u00e9liorer l\u2019\u00e9quit\u00e9 et la diversit\u00e9 en milieu de travail. Nous offrons du soutien aux personnes en recherche d\u2019emploi en leur donnant acc\u00e8s \u00e0 des emplois int\u00e9ressants et \u00e0 des formations gratuites, ainsi qu\u2019en les aidant [&hellip;]<\/p>\n","protected":false},"author":4,"featured_media":5169,"parent":0,"menu_order":20,"comment_status":"closed","ping_status":"closed","template":"page-templates\/front-page.php","meta":{"_acf_changed":false,"footnotes":""},"class_list":["post-4568","page","type-page","status-publish","has-post-thumbnail","hentry"],"acf":[],"yoast_head":"<!-- This site is optimized with the Yoast SEO plugin v24.7 - https:\/\/yoast.com\/wordpress\/plugins\/seo\/ -->\n<title>Outiller pour l\u2019avenir, b\u00e2tir des industries r\u00e9silientes - Career Launcher<\/title>\n<meta name=\"robots\" content=\"index, follow, max-snippet:-1, max-image-preview:large, max-video-preview:-1\" \/>\n<link rel=\"canonical\" href=\"https:\/\/www.lancementcarriere.ca\/\" \/>\n<meta property=\"og:locale\" content=\"fr_FR\" \/>\n<meta property=\"og:type\" content=\"article\" \/>\n<meta property=\"og:title\" content=\"Outiller pour l\u2019avenir, b\u00e2tir des industries r\u00e9silientes - Career Launcher\" \/>\n<meta property=\"og:description\" content=\"Nous offrons des subventions salariales et des incitatifs \u00e0 l\u2019embauche pour att\u00e9nuer les p\u00e9nuries de main-d\u2019\u0153uvre, renforcer les secteurs et am\u00e9liorer l\u2019\u00e9quit\u00e9 et la diversit\u00e9 en milieu de travail. Nous offrons du soutien aux personnes en recherche d\u2019emploi en leur donnant acc\u00e8s \u00e0 des emplois int\u00e9ressants et \u00e0 des formations gratuites, ainsi qu\u2019en les aidant [&hellip;]\" \/>\n<meta property=\"og:url\" content=\"https:\/\/www.lancementcarriere.ca\/\" \/>\n<meta property=\"og:site_name\" content=\"Career Launcher\" \/>\n<meta property=\"article:modified_time\" content=\"2023-12-12T21:29:55+00:00\" \/>\n<meta property=\"og:image\" content=\"https:\/\/www.lancementcarriere.ca\/wp-content\/uploads\/2021\/04\/featured-image-homepage-1.jpg\" \/>\n\t<meta property=\"og:image:width\" content=\"1200\" \/>\n\t<meta property=\"og:image:height\" content=\"1444\" \/>\n\t<meta property=\"og:image:type\" content=\"image\/jpeg\" \/>\n<meta name=\"twitter:card\" content=\"summary_large_image\" \/>\n<meta name=\"twitter:label1\" content=\"Dur\u00e9e de lecture estim\u00e9e\" \/>\n\t<meta name=\"twitter:data1\" content=\"1 minute\" \/>\n<script type=\"application\/ld+json\" class=\"yoast-schema-graph\">{\"@context\":\"https:\/\/schema.org\",\"@graph\":[{\"@type\":\"WebPage\",\"@id\":\"https:\/\/www.lancementcarriere.ca\/\",\"url\":\"https:\/\/www.lancementcarriere.ca\/\",\"name\":\"Outiller pour l\u2019avenir, b\u00e2tir des industries r\u00e9silientes - Career Launcher\",\"isPartOf\":{\"@id\":\"https:\/\/www.careerlauncher.ca\/#website\"},\"primaryImageOfPage\":{\"@id\":\"https:\/\/www.lancementcarriere.ca\/#primaryimage\"},\"image\":{\"@id\":\"https:\/\/www.lancementcarriere.ca\/#primaryimage\"},\"thumbnailUrl\":\"https:\/\/www.careerlauncher.ca\/wp-content\/uploads\/2021\/04\/featured-image-homepage-1.jpg\",\"datePublished\":\"2021-03-24T17:05:07+00:00\",\"dateModified\":\"2023-12-12T21:29:55+00:00\",\"breadcrumb\":{\"@id\":\"https:\/\/www.lancementcarriere.ca\/#breadcrumb\"},\"inLanguage\":\"fr-FR\",\"potentialAction\":[{\"@type\":\"ReadAction\",\"target\":[\"https:\/\/www.lancementcarriere.ca\/\"]}]},{\"@type\":\"ImageObject\",\"inLanguage\":\"fr-FR\",\"@id\":\"https:\/\/www.lancementcarriere.ca\/#primaryimage\",\"url\":\"https:\/\/www.careerlauncher.ca\/wp-content\/uploads\/2021\/04\/featured-image-homepage-1.jpg\",\"contentUrl\":\"https:\/\/www.careerlauncher.ca\/wp-content\/uploads\/2021\/04\/featured-image-homepage-1.jpg\",\"width\":1200,\"height\":1444,\"caption\":\"Rocket goe sup\"},{\"@type\":\"BreadcrumbList\",\"@id\":\"https:\/\/www.lancementcarriere.ca\/#breadcrumb\",\"itemListElement\":[{\"@type\":\"ListItem\",\"position\":1,\"name\":\"Home\",\"item\":\"https:\/\/www.lancementcarriere.ca\/\"},{\"@type\":\"ListItem\",\"position\":2,\"name\":\"Outiller pour l\u2019avenir, b\u00e2tir des industries r\u00e9silientes\"}]},{\"@type\":\"WebSite\",\"@id\":\"https:\/\/www.careerlauncher.ca\/#website\",\"url\":\"https:\/\/www.careerlauncher.ca\/\",\"name\":\"Career Launcher\",\"description\":\"Launching careers and strengthening businesses\",\"potentialAction\":[{\"@type\":\"SearchAction\",\"target\":{\"@type\":\"EntryPoint\",\"urlTemplate\":\"https:\/\/www.careerlauncher.ca\/?s={search_term_string}\"},\"query-input\":{\"@type\":\"PropertyValueSpecification\",\"valueRequired\":true,\"valueName\":\"search_term_string\"}}],\"inLanguage\":\"fr-FR\"}]}<\/script>\n<!-- \/ Yoast SEO plugin. -->","yoast_head_json":{"title":"Outiller pour l\u2019avenir, b\u00e2tir des industries r\u00e9silientes - Career Launcher","robots":{"index":"index","follow":"follow","max-snippet":"max-snippet:-1","max-image-preview":"max-image-preview:large","max-video-preview":"max-video-preview:-1"},"canonical":"https:\/\/www.lancementcarriere.ca\/","og_locale":"fr_FR","og_type":"article","og_title":"Outiller pour l\u2019avenir, b\u00e2tir des industries r\u00e9silientes - Career Launcher","og_description":"Nous offrons des subventions salariales et des incitatifs \u00e0 l\u2019embauche pour att\u00e9nuer les p\u00e9nuries de main-d\u2019\u0153uvre, renforcer les secteurs et am\u00e9liorer l\u2019\u00e9quit\u00e9 et la diversit\u00e9 en milieu de travail. Nous offrons du soutien aux personnes en recherche d\u2019emploi en leur donnant acc\u00e8s \u00e0 des emplois int\u00e9ressants et \u00e0 des formations gratuites, ainsi qu\u2019en les aidant [&hellip;]","og_url":"https:\/\/www.lancementcarriere.ca\/","og_site_name":"Career Launcher","article_modified_time":"2023-12-12T21:29:55+00:00","og_image":[{"width":1200,"height":1444,"url":"https:\/\/www.lancementcarriere.ca\/wp-content\/uploads\/2021\/04\/featured-image-homepage-1.jpg","type":"image\/jpeg"}],"twitter_card":"summary_large_image","twitter_misc":{"Dur\u00e9e de lecture estim\u00e9e":"1 minute"},"schema":{"@context":"https:\/\/schema.org","@graph":[{"@type":"WebPage","@id":"https:\/\/www.lancementcarriere.ca\/","url":"https:\/\/www.lancementcarriere.ca\/","name":"Outiller pour l\u2019avenir, b\u00e2tir des industries r\u00e9silientes - Career Launcher","isPartOf":{"@id":"https:\/\/www.careerlauncher.ca\/#website"},"primaryImageOfPage":{"@id":"https:\/\/www.lancementcarriere.ca\/#primaryimage"},"image":{"@id":"https:\/\/www.lancementcarriere.ca\/#primaryimage"},"thumbnailUrl":"https:\/\/www.careerlauncher.ca\/wp-content\/uploads\/2021\/04\/featured-image-homepage-1.jpg","datePublished":"2021-03-24T17:05:07+00:00","dateModified":"2023-12-12T21:29:55+00:00","breadcrumb":{"@id":"https:\/\/www.lancementcarriere.ca\/#breadcrumb"},"inLanguage":"fr-FR","potentialAction":[{"@type":"ReadAction","target":["https:\/\/www.lancementcarriere.ca\/"]}]},{"@type":"ImageObject","inLanguage":"fr-FR","@id":"https:\/\/www.lancementcarriere.ca\/#primaryimage","url":"https:\/\/www.careerlauncher.ca\/wp-content\/uploads\/2021\/04\/featured-image-homepage-1.jpg","contentUrl":"https:\/\/www.careerlauncher.ca\/wp-content\/uploads\/2021\/04\/featured-image-homepage-1.jpg","width":1200,"height":1444,"caption":"Rocket goe sup"},{"@type":"BreadcrumbList","@id":"https:\/\/www.lancementcarriere.ca\/#breadcrumb","itemListElement":[{"@type":"ListItem","position":1,"name":"Home","item":"https:\/\/www.lancementcarriere.ca\/"},{"@type":"ListItem","position":2,"name":"Outiller pour l\u2019avenir, b\u00e2tir des industries r\u00e9silientes"}]},{"@type":"WebSite","@id":"https:\/\/www.careerlauncher.ca\/#website","url":"https:\/\/www.careerlauncher.ca\/","name":"Career Launcher","description":"Launching careers and strengthening businesses","potentialAction":[{"@type":"SearchAction","target":{"@type":"EntryPoint","urlTemplate":"https:\/\/www.careerlauncher.ca\/?s={search_term_string}"},"query-input":{"@type":"PropertyValueSpecification","valueRequired":true,"valueName":"search_term_string"}}],"inLanguage":"fr-FR"}]}},"_links":{"self":[{"href":"https:\/\/www.careerlauncher.ca\/fr\/wp-json\/wp\/v2\/pages\/4568","targetHints":{"allow":["GET"]}}],"collection":[{"href":"https:\/\/www.careerlauncher.ca\/fr\/wp-json\/wp\/v2\/pages"}],"about":[{"href":"https:\/\/www.careerlauncher.ca\/fr\/wp-json\/wp\/v2\/types\/page"}],"author":[{"embeddable":true,"href":"https:\/\/www.careerlauncher.ca\/fr\/wp-json\/wp\/v2\/users\/4"}],"replies":[{"embeddable":true,"href":"https:\/\/www.careerlauncher.ca\/fr\/wp-json\/wp\/v2\/comments?post=4568"}],"version-history":[{"count":0,"href":"https:\/\/www.careerlauncher.ca\/fr\/wp-json\/wp\/v2\/pages\/4568\/revisions"}],"wp:featuredmedia":[{"embeddable":true,"href":"https:\/\/www.careerlauncher.ca\/fr\/wp-json\/wp\/v2\/media\/5169"}],"wp:attachment":[{"href":"https:\/\/www.careerlauncher.ca\/fr\/wp-json\/wp\/v2\/media?parent=4568"}],"curies":[{"name":"wp","href":"https:\/\/api.w.org\/{rel}","templated":true}]}}